{"id":1596,"date":"2024-11-26T08:11:50","date_gmt":"2024-11-26T08:11:50","guid":{"rendered":"https:\/\/lihtsaltteenused.ee\/?page_id=1596"},"modified":"2025-02-10T16:05:56","modified_gmt":"2025-02-10T14:05:56","slug":"esg-aruandlus-ehk-kestlikkusaruande-audiitorkontroll","status":"publish","type":"page","link":"https:\/\/lihtsaltteenused.ee\/et\/esg-aruandlus-ehk-kestlikkusaruande-audiitorkontroll\/","title":{"rendered":"ESG aruandlus ehk kestlikkusaruande audiitorkontroll"},"content":{"rendered":"<div data-elementor-type=\"wp-page\" data-elementor-id=\"1596\" class=\"elementor elementor-1596\">\n\t\t\t\t<div class=\"elementor-element elementor-element-7031325 e-flex e-con-boxed e-con e-parent\" data-id=\"7031325\" data-element_type=\"container\" data-e-type=\"container\" data-settings=\"{&quot;background_background&quot;:&quot;classic&quot;}\">\n\t\t\t\t\t<div class=\"e-con-inner\">\n\t\t\t\t<div class=\"elementor-element elementor-element-72b1a5e elementor-widget elementor-widget-heading\" data-id=\"72b1a5e\" data-element_type=\"widget\" data-e-type=\"widget\" data-widget_type=\"heading.default\">\n\t\t\t\t<div class=\"elementor-widget-container\">\n\t\t\t\t\t<h1 class=\"elementor-heading-title elementor-size-default\">ESG aruandlus ehk kestlikkusaruande audiitorkontroll<\/h1>\t\t\t\t<\/div>\n\t\t\t\t<\/div>\n\t\t\t\t<div class=\"elementor-element elementor-element-7fe630f elementor-widget-divider--view-line elementor-widget elementor-widget-divider\" data-id=\"7fe630f\" data-element_type=\"widget\" data-e-type=\"widget\" data-widget_type=\"divider.default\">\n\t\t\t\t<div class=\"elementor-widget-container\">\n\t\t\t\t\t\t\t<div class=\"elementor-divider\">\n\t\t\t<span class=\"elementor-divider-separator\">\n\t\t\t\t\t\t<\/span>\n\t\t<\/div>\n\t\t\t\t\t\t<\/div>\n\t\t\t\t<\/div>\n\t\t\t\t\t<\/div>\n\t\t\t\t<\/div>\n\t\t<div class=\"elementor-element elementor-element-392a892 e-flex e-con-boxed e-con e-parent\" data-id=\"392a892\" data-element_type=\"container\" data-e-type=\"container\" data-settings=\"{&quot;background_background&quot;:&quot;classic&quot;}\">\n\t\t\t\t\t<div class=\"e-con-inner\">\n\t\t<div class=\"elementor-element elementor-element-98c7d40 e-con-full e-flex e-con e-child\" data-id=\"98c7d40\" data-element_type=\"container\" data-e-type=\"container\">\n\t\t\t\t<div class=\"elementor-element elementor-element-9a04498 elementor-widget elementor-widget-text-editor\" data-id=\"9a04498\" data-element_type=\"widget\" data-e-type=\"widget\" data-widget_type=\"text-editor.default\">\n\t\t\t\t<div class=\"elementor-widget-container\">\n\t\t\t\t\t\t\t\t\t<div id=\"bgLayers_comp-l7655siy1\" class=\"MW5IWV\" data-hook=\"bgLayers\" data-motion-part=\"BG_LAYER\">\n<div id=\"bgMedia_comp-l7655siy1\" class=\"VgO9Yg\" data-motion-part=\"BG_MEDIA\"><span style=\"font-weight: 400;\">ESG (Environmental, Social, Governance) aruandlus muutub Eestis j\u00e4rk-j\u00e4rgult kohustuslikuks vastavalt Euroopa Liidu Kestlikkuse Aruandluse Direktiivile (CSRD). See direktiiv laiendab oluliselt ettev\u00f5tete ringi, kes peavad avalikustama oma j\u00e4tkusuutlikkuse andmeid.<\/span><\/div>\n<\/div>\t\t\t\t\t\t\t\t<\/div>\n\t\t\t\t<\/div>\n\t\t\t\t<div class=\"elementor-element elementor-element-351e839 elementor-widget elementor-widget-heading\" data-id=\"351e839\" data-element_type=\"widget\" data-e-type=\"widget\" data-widget_type=\"heading.default\">\n\t\t\t\t<div class=\"elementor-widget-container\">\n\t\t\t\t\t<h2 class=\"elementor-heading-title elementor-size-default\">Kellele on ESG aruandlus kohustuslik?<\/h2>\t\t\t\t<\/div>\n\t\t\t\t<\/div>\n\t\t\t\t<div class=\"elementor-element elementor-element-f8764d9 elementor-widget elementor-widget-text-editor\" data-id=\"f8764d9\" data-element_type=\"widget\" data-e-type=\"widget\" data-widget_type=\"text-editor.default\">\n\t\t\t\t<div class=\"elementor-widget-container\">\n\t\t\t\t\t\t\t\t\t<p><span style=\"font-weight: 400;\">Euroopa Liidu Kestlikkuse Aruandluse Direktiivi (CSRD) raames peavad ESG aruandlust koostama j\u00e4rgmised ettev\u00f5tted:<\/span><\/p><ul><li style=\"font-weight: 400;\" aria-level=\"1\"><b>Alates 2025. aastast:<\/b><ul><li style=\"font-weight: 400;\" aria-level=\"2\"><span style=\"font-weight: 400;\">B\u00f6rsiettev\u00f5tted ja avaliku huvi \u00fcksused (nt pangad, kindlustusettev\u00f5tted), kellel on \u00fcle 500 t\u00f6\u00f6taja.<\/span><\/li><\/ul><\/li><li style=\"font-weight: 400;\" aria-level=\"1\"><b>Alates 2026. aastast:<\/b><ul><li style=\"font-weight: 400;\" aria-level=\"2\"><span style=\"font-weight: 400;\">K\u00f5ik suurettev\u00f5tted, kes vastavad v\u00e4hemalt kahele kriteeriumile:<\/span><ul><li style=\"font-weight: 400;\" aria-level=\"3\"><span style=\"font-weight: 400;\">\u00dcle 250 t\u00f6\u00f6taja,<\/span><\/li><li style=\"font-weight: 400;\" aria-level=\"3\"><span style=\"font-weight: 400;\">M\u00fc\u00fcgitulu \u00fcle 40 miljoni euro,<\/span><\/li><li style=\"font-weight: 400;\" aria-level=\"3\"><span style=\"font-weight: 400;\">Bilansimaht \u00fcle 20 miljoni euro.<\/span><\/li><\/ul><\/li><\/ul><\/li><li style=\"font-weight: 400;\" aria-level=\"1\"><b>Alates 2027 aastast:<\/b><ul><li style=\"font-weight: 400;\" aria-level=\"2\"><span style=\"font-weight: 400;\">B\u00f6rsil noteeritud v\u00e4ike- ja keskmise suurusega ettev\u00f5tted (v\u00e4lja arvatud mikroettev\u00f5tted).<\/span><\/li><\/ul><\/li><li style=\"font-weight: 400;\" aria-level=\"1\"><b>Alates 2029. aastast:<\/b><ul><li style=\"font-weight: 400;\" aria-level=\"2\"><span style=\"font-weight: 400;\">Suurettev\u00f5tted, kellel on Euroopa Liidus t\u00fctarettev\u00f5te v\u00f5i filiaal \u00fcle 150 miljoni euro suuruse k\u00e4ibega.<\/span><\/li><\/ul><\/li><\/ul>\t\t\t\t\t\t\t\t<\/div>\n\t\t\t\t<\/div>\n\t\t\t\t<\/div>\n\t\t<div class=\"elementor-element elementor-element-61a1118 e-con-full e-flex e-con e-child\" data-id=\"61a1118\" data-element_type=\"container\" data-e-type=\"container\">\n\t\t\t\t<div class=\"elementor-element elementor-element-7dd690a elementor-widget elementor-widget-image\" data-id=\"7dd690a\" data-element_type=\"widget\" data-e-type=\"widget\" data-widget_type=\"image.default\">\n\t\t\t\t<div class=\"elementor-widget-container\">\n\t\t\t\t\t\t\t\t\t\t\t\t\t\t\t<img fetchpriority=\"high\" decoding=\"async\" width=\"1024\" height=\"684\" src=\"https:\/\/lihtsaltteenused.ee\/wp-content\/uploads\/2024\/11\/pexels-leeloothefirst-8962476-1024x684.jpg\" class=\"attachment-large size-large wp-image-1538\" alt=\"Lihtsalt Teenused\" srcset=\"https:\/\/lihtsaltteenused.ee\/wp-content\/uploads\/2024\/11\/pexels-leeloothefirst-8962476-1024x684.jpg 1024w, https:\/\/lihtsaltteenused.ee\/wp-content\/uploads\/2024\/11\/pexels-leeloothefirst-8962476-300x200.jpg 300w, https:\/\/lihtsaltteenused.ee\/wp-content\/uploads\/2024\/11\/pexels-leeloothefirst-8962476-768x513.jpg 768w, https:\/\/lihtsaltteenused.ee\/wp-content\/uploads\/2024\/11\/pexels-leeloothefirst-8962476-1536x1026.jpg 1536w, https:\/\/lihtsaltteenused.ee\/wp-content\/uploads\/2024\/11\/pexels-leeloothefirst-8962476.jpg 1920w\" sizes=\"(max-width: 1024px) 100vw, 1024px\" \/>\t\t\t\t\t\t\t\t\t\t\t\t\t\t\t<\/div>\n\t\t\t\t<\/div>\n\t\t\t\t<\/div>\n\t\t\t\t\t<\/div>\n\t\t\t\t<\/div>\n\t\t<div class=\"elementor-element elementor-element-ae06960 e-flex e-con-boxed e-con e-parent\" data-id=\"ae06960\" data-element_type=\"container\" data-e-type=\"container\" data-settings=\"{&quot;background_background&quot;:&quot;classic&quot;}\">\n\t\t\t\t\t<div class=\"e-con-inner\">\n\t\t\t\t<div class=\"elementor-element elementor-element-b3a29f2 elementor-widget elementor-widget-text-editor\" data-id=\"b3a29f2\" data-element_type=\"widget\" data-e-type=\"widget\" data-widget_type=\"text-editor.default\">\n\t\t\t\t<div class=\"elementor-widget-container\">\n\t\t\t\t\t\t\t\t\t<p>Oluline on m\u00e4rkida, et kuigi esialgu puudutab aruandluskohustus suuremaid ettev\u00f5tteid, m\u00f5jutab see kaudselt ka v\u00e4iksemaid ettev\u00f5tteid, eriti neid, kes on osa suuremate ettev\u00f5tete tarneahelatest v\u00f5i soovivad tulevikus laieneda.<br \/><strong>Kui teie ettev\u00f5te kuulub nende hulka, on aeg alustada ESG aruandluse ettevalmistustega.<\/strong><br \/>Kestlikkusaruanded tuleb esitada majandusaasta aruande osana ning need peavad l\u00e4bima s\u00f5ltumatu audiitorkontrolli, et tagada andmete usaldusv\u00e4\u00e4rsus ja l\u00e4bipaistvus.<\/p>\t\t\t\t\t\t\t\t<\/div>\n\t\t\t\t<\/div>\n\t\t\t\t\t<\/div>\n\t\t\t\t<\/div>\n\t\t<div class=\"elementor-element elementor-element-8b13303 e-flex e-con-boxed e-con e-parent\" data-id=\"8b13303\" data-element_type=\"container\" data-e-type=\"container\">\n\t\t\t\t\t<div class=\"e-con-inner\">\n\t\t\t\t<div class=\"elementor-element elementor-element-12ff0e1 elementor-widget elementor-widget-spacer\" data-id=\"12ff0e1\" data-element_type=\"widget\" data-e-type=\"widget\" data-widget_type=\"spacer.default\">\n\t\t\t\t<div class=\"elementor-widget-container\">\n\t\t\t\t\t\t\t<div class=\"elementor-spacer\">\n\t\t\t<div class=\"elementor-spacer-inner\"><\/div>\n\t\t<\/div>\n\t\t\t\t\t\t<\/div>\n\t\t\t\t<\/div>\n\t\t\t\t\t<\/div>\n\t\t\t\t<\/div>\n\t\t<div class=\"elementor-element elementor-element-c4a1009 e-con-full e-flex e-con e-parent\" data-id=\"c4a1009\" data-element_type=\"container\" data-e-type=\"container\" data-settings=\"{&quot;background_background&quot;:&quot;classic&quot;}\">\n\t\t<div class=\"elementor-element elementor-element-03cf9b6 e-con-full e-flex e-con e-child\" data-id=\"03cf9b6\" data-element_type=\"container\" data-e-type=\"container\">\n\t\t\t\t<div class=\"elementor-element elementor-element-324489e elementor-widget elementor-widget-heading\" data-id=\"324489e\" data-element_type=\"widget\" data-e-type=\"widget\" data-widget_type=\"heading.default\">\n\t\t\t\t<div class=\"elementor-widget-container\">\n\t\t\t\t\t<p class=\"elementor-heading-title elementor-size-default\">V\u00f5ta meiega \u00fchendust, et saada personaalselt kohandatud lahendus teie ESG aruandluse jaoks.<\/p>\t\t\t\t<\/div>\n\t\t\t\t<\/div>\n\t\t\t\t<div class=\"elementor-element elementor-element-ff06a43 elementor-widget-divider--view-line elementor-widget elementor-widget-divider\" data-id=\"ff06a43\" data-element_type=\"widget\" data-e-type=\"widget\" data-widget_type=\"divider.default\">\n\t\t\t\t<div class=\"elementor-widget-container\">\n\t\t\t\t\t\t\t<div class=\"elementor-divider\">\n\t\t\t<span class=\"elementor-divider-separator\">\n\t\t\t\t\t\t<\/span>\n\t\t<\/div>\n\t\t\t\t\t\t<\/div>\n\t\t\t\t<\/div>\n\t\t\t\t<div class=\"elementor-element elementor-element-f2fc60c elementor-align-center elementor-mobile-align-center elementor-widget elementor-widget-button\" data-id=\"f2fc60c\" data-element_type=\"widget\" data-e-type=\"widget\" data-widget_type=\"button.default\">\n\t\t\t\t<div class=\"elementor-widget-container\">\n\t\t\t\t\t\t\t\t\t<div class=\"elementor-button-wrapper\">\n\t\t\t\t\t<a class=\"elementor-button elementor-button-link elementor-size-sm\" href=\"\/et\/kontakt\/\">\n\t\t\t\t\t\t<span class=\"elementor-button-content-wrapper\">\n\t\t\t\t\t\t\t\t\t<span class=\"elementor-button-text\">Kontakt<\/span>\n\t\t\t\t\t<\/span>\n\t\t\t\t\t<\/a>\n\t\t\t\t<\/div>\n\t\t\t\t\t\t\t\t<\/div>\n\t\t\t\t<\/div>\n\t\t\t\t<\/div>\n\t\t\t\t<\/div>\n\t\t\t\t<\/div>","protected":false},"excerpt":{"rendered":"<p>ESG aruandlus ehk kestlikkusaruande audiitorkontroll ESG (Environmental, Social, Governance) aruandlus muutub Eestis j\u00e4rk-j\u00e4rgult kohustuslikuks vastavalt Euroopa Liidu Kestlikkuse Aruandluse Direktiivile [&hellip;]<\/p>\n","protected":false},"author":1,"featured_media":2031,"parent":0,"menu_order":4,"comment_status":"closed","ping_status":"closed","template":"","meta":{"site-sidebar-layout":"no-sidebar","site-content-layout":"","ast-site-content-layout":"full-width-container","site-content-style":"default","site-sidebar-style":"default","ast-global-header-display":"","ast-banner-title-visibility":"","ast-main-header-display":"","ast-hfb-above-header-display":"","ast-hfb-below-header-display":"","ast-hfb-mobile-header-display":"","site-post-title":"disabled","ast-breadcrumbs-content":"","ast-featured-img":"disabled","footer-sml-layout":"","ast-disable-related-posts":"","theme-transparent-header-meta":"disabled","adv-header-id-meta":"","stick-header-meta":"","header-above-stick-meta":"","header-main-stick-meta":"","header-below-stick-meta":"","astra-migrate-meta-layouts":"default","ast-page-background-enabled":"default","ast-page-background-meta":{"desktop":{"background-color":"var(--ast-global-color-4)","background-image":"","background-repeat":"repeat","background-position":"center center","background-size":"auto","background-attachment":"scroll","background-type":"","background-media":"","overlay-type":"","overlay-color":"","overlay-opacity":"","overlay-gradient":""},"tablet":{"background-color":"","background-image":"","background-repeat":"repeat","background-position":"center center","background-size":"auto","background-attachment":"scroll","background-type":"","background-media":"","overlay-type":"","overlay-color":"","overlay-opacity":"","overlay-gradient":""},"mobile":{"background-color":"","background-image":"","background-repeat":"repeat","background-position":"center center","background-size":"auto","background-attachment":"scroll","background-type":"","background-media":"","overlay-type":"","overlay-color":"","overlay-opacity":"","overlay-gradient":""}},"ast-content-background-meta":{"desktop":{"background-color":"var(--ast-global-color-5)","background-image":"","background-repeat":"repeat","background-position":"center center","background-size":"auto","background-attachment":"scroll","background-type":"","background-media":"","overlay-type":"","overlay-color":"","overlay-opacity":"","overlay-gradient":""},"tablet":{"background-color":"var(--ast-global-color-5)","background-image":"","background-repeat":"repeat","background-position":"center center","background-size":"auto","background-attachment":"scroll","background-type":"","background-media":"","overlay-type":"","overlay-color":"","overlay-opacity":"","overlay-gradient":""},"mobile":{"background-color":"var(--ast-global-color-5)","background-image":"","background-repeat":"repeat","background-position":"center center","background-size":"auto","background-attachment":"scroll","background-type":"","background-media":"","overlay-type":"","overlay-color":"","overlay-opacity":"","overlay-gradient":""}},"footnotes":""},"class_list":["post-1596","page","type-page","status-publish","has-post-thumbnail","hentry"],"yoast_head":"<!-- This site is optimized with the Yoast SEO plugin v27.6 - https:\/\/yoast.com\/product\/yoast-seo-wordpress\/ -->\n<title>ESG aruandlus ehk kestlikkusaruande audiitorkontroll - Lihtsalt Teenused - Tartu<\/title>\n<meta name=\"description\" content=\"ESG (Environmental, Social, Governance) aruandlus muutub Eestis j\u00e4rk-j\u00e4rgult kohustuslikuks vastavalt Euroopa Liidu Kestlikkuse...\" \/>\n<meta name=\"robots\" content=\"index, follow, max-snippet:-1, max-image-preview:large, max-video-preview:-1\" \/>\n<link rel=\"canonical\" href=\"https:\/\/lihtsaltteenused.ee\/et\/esg-aruandlus-ehk-kestlikkusaruande-audiitorkontroll\/\" \/>\n<meta property=\"og:locale\" content=\"et_EE\" \/>\n<meta property=\"og:type\" content=\"article\" \/>\n<meta property=\"og:title\" content=\"ESG aruandlus ehk kestlikkusaruande audiitorkontroll - Lihtsalt Teenused - Tartu\" \/>\n<meta property=\"og:description\" content=\"ESG (Environmental, Social, Governance) aruandlus muutub Eestis j\u00e4rk-j\u00e4rgult kohustuslikuks vastavalt Euroopa Liidu Kestlikkuse...\" \/>\n<meta property=\"og:url\" content=\"https:\/\/lihtsaltteenused.ee\/et\/esg-aruandlus-ehk-kestlikkusaruande-audiitorkontroll\/\" \/>\n<meta property=\"og:site_name\" content=\"Lihtsalt Teenused - Tartu\" \/>\n<meta property=\"article:modified_time\" content=\"2025-02-10T14:05:56+00:00\" \/>\n<meta property=\"og:image\" content=\"https:\/\/lihtsaltteenused.ee\/wp-content\/uploads\/2024\/11\/pexels-tima-miroshnichenko-6694533.jpg\" \/>\n\t<meta property=\"og:image:width\" content=\"1920\" \/>\n\t<meta property=\"og:image:height\" content=\"1280\" \/>\n\t<meta property=\"og:image:type\" content=\"image\/jpeg\" \/>\n<meta name=\"twitter:card\" content=\"summary_large_image\" \/>\n<meta name=\"twitter:label1\" content=\"Est. reading time\" \/>\n\t<meta name=\"twitter:data1\" content=\"2 minutit\" \/>\n<script type=\"application\/ld+json\" class=\"yoast-schema-graph\">{\"@context\":\"https:\\\/\\\/schema.org\",\"@graph\":[{\"@type\":\"WebPage\",\"@id\":\"https:\\\/\\\/lihtsaltteenused.ee\\\/esg-aruandlus-ehk-kestlikkusaruande-audiitorkontroll\\\/\",\"url\":\"https:\\\/\\\/lihtsaltteenused.ee\\\/esg-aruandlus-ehk-kestlikkusaruande-audiitorkontroll\\\/\",\"name\":\"ESG aruandlus ehk kestlikkusaruande audiitorkontroll - Lihtsalt Teenused - Tartu\",\"isPartOf\":{\"@id\":\"https:\\\/\\\/lihtsaltteenused.ee\\\/#website\"},\"primaryImageOfPage\":{\"@id\":\"https:\\\/\\\/lihtsaltteenused.ee\\\/esg-aruandlus-ehk-kestlikkusaruande-audiitorkontroll\\\/#primaryimage\"},\"image\":{\"@id\":\"https:\\\/\\\/lihtsaltteenused.ee\\\/esg-aruandlus-ehk-kestlikkusaruande-audiitorkontroll\\\/#primaryimage\"},\"thumbnailUrl\":\"https:\\\/\\\/lihtsaltteenused.ee\\\/wp-content\\\/uploads\\\/2024\\\/11\\\/pexels-tima-miroshnichenko-6694533.jpg\",\"datePublished\":\"2024-11-26T08:11:50+00:00\",\"dateModified\":\"2025-02-10T14:05:56+00:00\",\"description\":\"ESG (Environmental, Social, Governance) aruandlus muutub Eestis j\u00e4rk-j\u00e4rgult kohustuslikuks vastavalt Euroopa Liidu Kestlikkuse...\",\"breadcrumb\":{\"@id\":\"https:\\\/\\\/lihtsaltteenused.ee\\\/esg-aruandlus-ehk-kestlikkusaruande-audiitorkontroll\\\/#breadcrumb\"},\"inLanguage\":\"et\",\"potentialAction\":[{\"@type\":\"ReadAction\",\"target\":[\"https:\\\/\\\/lihtsaltteenused.ee\\\/esg-aruandlus-ehk-kestlikkusaruande-audiitorkontroll\\\/\"]}]},{\"@type\":\"ImageObject\",\"inLanguage\":\"et\",\"@id\":\"https:\\\/\\\/lihtsaltteenused.ee\\\/esg-aruandlus-ehk-kestlikkusaruande-audiitorkontroll\\\/#primaryimage\",\"url\":\"https:\\\/\\\/lihtsaltteenused.ee\\\/wp-content\\\/uploads\\\/2024\\\/11\\\/pexels-tima-miroshnichenko-6694533.jpg\",\"contentUrl\":\"https:\\\/\\\/lihtsaltteenused.ee\\\/wp-content\\\/uploads\\\/2024\\\/11\\\/pexels-tima-miroshnichenko-6694533.jpg\",\"width\":1920,\"height\":1280,\"caption\":\"Lihtsalt Teenused\"},{\"@type\":\"BreadcrumbList\",\"@id\":\"https:\\\/\\\/lihtsaltteenused.ee\\\/esg-aruandlus-ehk-kestlikkusaruande-audiitorkontroll\\\/#breadcrumb\",\"itemListElement\":[{\"@type\":\"ListItem\",\"position\":1,\"name\":\"Home\",\"item\":\"https:\\\/\\\/lihtsaltteenused.ee\\\/\"},{\"@type\":\"ListItem\",\"position\":2,\"name\":\"ESG aruandlus ehk kestlikkusaruande audiitorkontroll\"}]},{\"@type\":\"WebSite\",\"@id\":\"https:\\\/\\\/lihtsaltteenused.ee\\\/#website\",\"url\":\"https:\\\/\\\/lihtsaltteenused.ee\\\/\",\"name\":\"Lihtsalt Teenused: Audiitor | Tartu\",\"description\":\"Audiitorteenused &middot; Raamatupidamisteenused &middot; Andmekaitsespetsialisti teenus\",\"publisher\":{\"@id\":\"https:\\\/\\\/lihtsaltteenused.ee\\\/#organization\"},\"potentialAction\":[{\"@type\":\"SearchAction\",\"target\":{\"@type\":\"EntryPoint\",\"urlTemplate\":\"https:\\\/\\\/lihtsaltteenused.ee\\\/?s={search_term_string}\"},\"query-input\":{\"@type\":\"PropertyValueSpecification\",\"valueRequired\":true,\"valueName\":\"search_term_string\"}}],\"inLanguage\":\"et\"},{\"@type\":\"Organization\",\"@id\":\"https:\\\/\\\/lihtsaltteenused.ee\\\/#organization\",\"name\":\"Lihtsalt Teenused: Audiitor | Tartu\",\"url\":\"https:\\\/\\\/lihtsaltteenused.ee\\\/\",\"logo\":{\"@type\":\"ImageObject\",\"inLanguage\":\"et\",\"@id\":\"https:\\\/\\\/lihtsaltteenused.ee\\\/#\\\/schema\\\/logo\\\/image\\\/\",\"url\":\"https:\\\/\\\/lihtsaltteenused.ee\\\/wp-content\\\/uploads\\\/2024\\\/11\\\/cropped-Lihtsalt_Teenused_logo_more_sinisel.png\",\"contentUrl\":\"https:\\\/\\\/lihtsaltteenused.ee\\\/wp-content\\\/uploads\\\/2024\\\/11\\\/cropped-Lihtsalt_Teenused_logo_more_sinisel.png\",\"width\":846,\"height\":282,\"caption\":\"Lihtsalt Teenused: Audiitor | Tartu\"},\"image\":{\"@id\":\"https:\\\/\\\/lihtsaltteenused.ee\\\/#\\\/schema\\\/logo\\\/image\\\/\"}}]}<\/script>\n<!-- \/ Yoast SEO plugin. -->","yoast_head_json":{"title":"ESG aruandlus ehk kestlikkusaruande audiitorkontroll - Lihtsalt Teenused - Tartu","description":"ESG (Environmental, Social, Governance) aruandlus muutub Eestis j\u00e4rk-j\u00e4rgult kohustuslikuks vastavalt Euroopa Liidu Kestlikkuse...","robots":{"index":"index","follow":"follow","max-snippet":"max-snippet:-1","max-image-preview":"max-image-preview:large","max-video-preview":"max-video-preview:-1"},"canonical":"https:\/\/lihtsaltteenused.ee\/et\/esg-aruandlus-ehk-kestlikkusaruande-audiitorkontroll\/","og_locale":"et_EE","og_type":"article","og_title":"ESG aruandlus ehk kestlikkusaruande audiitorkontroll - Lihtsalt Teenused - Tartu","og_description":"ESG (Environmental, Social, Governance) aruandlus muutub Eestis j\u00e4rk-j\u00e4rgult kohustuslikuks vastavalt Euroopa Liidu Kestlikkuse...","og_url":"https:\/\/lihtsaltteenused.ee\/et\/esg-aruandlus-ehk-kestlikkusaruande-audiitorkontroll\/","og_site_name":"Lihtsalt Teenused - Tartu","article_modified_time":"2025-02-10T14:05:56+00:00","og_image":[{"width":1920,"height":1280,"url":"https:\/\/lihtsaltteenused.ee\/wp-content\/uploads\/2024\/11\/pexels-tima-miroshnichenko-6694533.jpg","type":"image\/jpeg"}],"twitter_card":"summary_large_image","twitter_misc":{"Est. reading time":"2 minutit"},"schema":{"@context":"https:\/\/schema.org","@graph":[{"@type":"WebPage","@id":"https:\/\/lihtsaltteenused.ee\/esg-aruandlus-ehk-kestlikkusaruande-audiitorkontroll\/","url":"https:\/\/lihtsaltteenused.ee\/esg-aruandlus-ehk-kestlikkusaruande-audiitorkontroll\/","name":"ESG aruandlus ehk kestlikkusaruande audiitorkontroll - Lihtsalt Teenused - Tartu","isPartOf":{"@id":"https:\/\/lihtsaltteenused.ee\/#website"},"primaryImageOfPage":{"@id":"https:\/\/lihtsaltteenused.ee\/esg-aruandlus-ehk-kestlikkusaruande-audiitorkontroll\/#primaryimage"},"image":{"@id":"https:\/\/lihtsaltteenused.ee\/esg-aruandlus-ehk-kestlikkusaruande-audiitorkontroll\/#primaryimage"},"thumbnailUrl":"https:\/\/lihtsaltteenused.ee\/wp-content\/uploads\/2024\/11\/pexels-tima-miroshnichenko-6694533.jpg","datePublished":"2024-11-26T08:11:50+00:00","dateModified":"2025-02-10T14:05:56+00:00","description":"ESG (Environmental, Social, Governance) aruandlus muutub Eestis j\u00e4rk-j\u00e4rgult kohustuslikuks vastavalt Euroopa Liidu Kestlikkuse...","breadcrumb":{"@id":"https:\/\/lihtsaltteenused.ee\/esg-aruandlus-ehk-kestlikkusaruande-audiitorkontroll\/#breadcrumb"},"inLanguage":"et","potentialAction":[{"@type":"ReadAction","target":["https:\/\/lihtsaltteenused.ee\/esg-aruandlus-ehk-kestlikkusaruande-audiitorkontroll\/"]}]},{"@type":"ImageObject","inLanguage":"et","@id":"https:\/\/lihtsaltteenused.ee\/esg-aruandlus-ehk-kestlikkusaruande-audiitorkontroll\/#primaryimage","url":"https:\/\/lihtsaltteenused.ee\/wp-content\/uploads\/2024\/11\/pexels-tima-miroshnichenko-6694533.jpg","contentUrl":"https:\/\/lihtsaltteenused.ee\/wp-content\/uploads\/2024\/11\/pexels-tima-miroshnichenko-6694533.jpg","width":1920,"height":1280,"caption":"Lihtsalt Teenused"},{"@type":"BreadcrumbList","@id":"https:\/\/lihtsaltteenused.ee\/esg-aruandlus-ehk-kestlikkusaruande-audiitorkontroll\/#breadcrumb","itemListElement":[{"@type":"ListItem","position":1,"name":"Home","item":"https:\/\/lihtsaltteenused.ee\/"},{"@type":"ListItem","position":2,"name":"ESG aruandlus ehk kestlikkusaruande audiitorkontroll"}]},{"@type":"WebSite","@id":"https:\/\/lihtsaltteenused.ee\/#website","url":"https:\/\/lihtsaltteenused.ee\/","name":"Lihtsalt Teenused: Audiitor | Tartu","description":"Audiitorteenused &middot; Raamatupidamisteenused &middot; Andmekaitsespetsialisti teenus","publisher":{"@id":"https:\/\/lihtsaltteenused.ee\/#organization"},"potentialAction":[{"@type":"SearchAction","target":{"@type":"EntryPoint","urlTemplate":"https:\/\/lihtsaltteenused.ee\/?s={search_term_string}"},"query-input":{"@type":"PropertyValueSpecification","valueRequired":true,"valueName":"search_term_string"}}],"inLanguage":"et"},{"@type":"Organization","@id":"https:\/\/lihtsaltteenused.ee\/#organization","name":"Lihtsalt Teenused: Audiitor | Tartu","url":"https:\/\/lihtsaltteenused.ee\/","logo":{"@type":"ImageObject","inLanguage":"et","@id":"https:\/\/lihtsaltteenused.ee\/#\/schema\/logo\/image\/","url":"https:\/\/lihtsaltteenused.ee\/wp-content\/uploads\/2024\/11\/cropped-Lihtsalt_Teenused_logo_more_sinisel.png","contentUrl":"https:\/\/lihtsaltteenused.ee\/wp-content\/uploads\/2024\/11\/cropped-Lihtsalt_Teenused_logo_more_sinisel.png","width":846,"height":282,"caption":"Lihtsalt Teenused: Audiitor | Tartu"},"image":{"@id":"https:\/\/lihtsaltteenused.ee\/#\/schema\/logo\/image\/"}}]}},"_links":{"self":[{"href":"https:\/\/lihtsaltteenused.ee\/et\/wp-json\/wp\/v2\/pages\/1596","targetHints":{"allow":["GET"]}}],"collection":[{"href":"https:\/\/lihtsaltteenused.ee\/et\/wp-json\/wp\/v2\/pages"}],"about":[{"href":"https:\/\/lihtsaltteenused.ee\/et\/wp-json\/wp\/v2\/types\/page"}],"author":[{"embeddable":true,"href":"https:\/\/lihtsaltteenused.ee\/et\/wp-json\/wp\/v2\/users\/1"}],"replies":[{"embeddable":true,"href":"https:\/\/lihtsaltteenused.ee\/et\/wp-json\/wp\/v2\/comments?post=1596"}],"version-history":[{"count":0,"href":"https:\/\/lihtsaltteenused.ee\/et\/wp-json\/wp\/v2\/pages\/1596\/revisions"}],"wp:featuredmedia":[{"embeddable":true,"href":"https:\/\/lihtsaltteenused.ee\/et\/wp-json\/wp\/v2\/media\/2031"}],"wp:attachment":[{"href":"https:\/\/lihtsaltteenused.ee\/et\/wp-json\/wp\/v2\/media?parent=1596"}],"curies":[{"name":"wp","href":"https:\/\/api.w.org\/{rel}","templated":true}]}}