{"id":33,"date":"2024-11-21T11:20:11","date_gmt":"2024-11-21T11:20:11","guid":{"rendered":"https:\/\/lihtsaltteenused.ee\/contact\/"},"modified":"2026-01-22T16:19:02","modified_gmt":"2026-01-22T14:19:02","slug":"kontakt","status":"publish","type":"page","link":"https:\/\/lihtsaltteenused.ee\/et\/kontakt\/","title":{"rendered":"Kontakt"},"content":{"rendered":"\t\t<div data-elementor-type=\"wp-page\" data-elementor-id=\"33\" class=\"elementor elementor-33\">\n\t\t\t\t<div class=\"elementor-element elementor-element-dc630ca e-flex e-con-boxed e-con e-parent\" data-id=\"dc630ca\" data-element_type=\"container\" data-e-type=\"container\" data-settings=\"{&quot;background_background&quot;:&quot;classic&quot;}\">\n\t\t\t\t\t<div class=\"e-con-inner\">\n\t\t\t\t<div class=\"elementor-element elementor-element-7166f90 elementor-widget elementor-widget-heading\" data-id=\"7166f90\" data-element_type=\"widget\" data-e-type=\"widget\" data-widget_type=\"heading.default\">\n\t\t\t\t<div class=\"elementor-widget-container\">\n\t\t\t\t\t<h1 class=\"elementor-heading-title elementor-size-default\">Kontakt<\/h1>\t\t\t\t<\/div>\n\t\t\t\t<\/div>\n\t\t\t\t<div class=\"elementor-element elementor-element-551251f elementor-widget-divider--view-line elementor-widget elementor-widget-divider\" data-id=\"551251f\" data-element_type=\"widget\" data-e-type=\"widget\" data-widget_type=\"divider.default\">\n\t\t\t\t<div class=\"elementor-widget-container\">\n\t\t\t\t\t\t\t<div class=\"elementor-divider\">\n\t\t\t<span class=\"elementor-divider-separator\">\n\t\t\t\t\t\t<\/span>\n\t\t<\/div>\n\t\t\t\t\t\t<\/div>\n\t\t\t\t<\/div>\n\t\t\t\t\t<\/div>\n\t\t\t\t<\/div>\n\t\t<div class=\"elementor-element elementor-element-d86303c e-flex e-con-boxed e-con e-parent\" data-id=\"d86303c\" data-element_type=\"container\" data-e-type=\"container\" data-settings=\"{&quot;background_background&quot;:&quot;classic&quot;}\">\n\t\t\t\t\t<div class=\"e-con-inner\">\n\t\t<div class=\"elementor-element elementor-element-508b94e e-con-full e-flex e-con e-child\" data-id=\"508b94e\" data-element_type=\"container\" data-e-type=\"container\">\n\t\t\t\t<div class=\"elementor-element elementor-element-02f9ae4 elementor-view-default elementor-position-block-start elementor-mobile-position-block-start elementor-widget elementor-widget-icon-box\" data-id=\"02f9ae4\" data-element_type=\"widget\" data-e-type=\"widget\" data-widget_type=\"icon-box.default\">\n\t\t\t\t<div class=\"elementor-widget-container\">\n\t\t\t\t\t\t\t<div class=\"elementor-icon-box-wrapper\">\n\n\t\t\t\t\t\t<div class=\"elementor-icon-box-icon\">\n\t\t\t\t<span  class=\"elementor-icon\">\n\t\t\t\t<svg aria-hidden=\"true\" class=\"e-font-icon-svg e-fas-phone\" viewBox=\"0 0 512 512\" xmlns=\"http:\/\/www.w3.org\/2000\/svg\"><path d=\"M493.4 24.6l-104-24c-11.3-2.6-22.9 3.3-27.5 13.9l-48 112c-4.2 9.8-1.4 21.3 6.9 28l60.6 49.6c-36 76.7-98.9 140.5-177.2 177.2l-49.6-60.6c-6.8-8.3-18.2-11.1-28-6.9l-112 48C3.9 366.5-2 378.1.6 389.4l24 104C27.1 504.2 36.7 512 48 512c256.1 0 464-207.5 464-464 0-11.2-7.7-20.9-18.6-23.4z\"><\/path><\/svg>\t\t\t\t<\/span>\n\t\t\t<\/div>\n\t\t\t\n\t\t\t\t\t\t<div class=\"elementor-icon-box-content\">\n\n\t\t\t\t\t\t\t\t\t<h6 class=\"elementor-icon-box-title\">\n\t\t\t\t\t\t<span  >\n\t\t\t\t\t\t\tTelefon\t\t\t\t\t\t<\/span>\n\t\t\t\t\t<\/h6>\n\t\t\t\t\n\t\t\t\t\n\t\t\t<\/div>\n\t\t\t\n\t\t<\/div>\n\t\t\t\t\t\t<\/div>\n\t\t\t\t<\/div>\n\t\t\t\t<div class=\"elementor-element elementor-element-dc43b58 elementor-widget elementor-widget-heading\" data-id=\"dc43b58\" data-element_type=\"widget\" data-e-type=\"widget\" data-widget_type=\"heading.default\">\n\t\t\t\t<div class=\"elementor-widget-container\">\n\t\t\t\t\t<h5 class=\"elementor-heading-title elementor-size-default\"><a href=\"tel:%20+372%2051%2078%20076\">+372 51 78 076<\/a><\/h5>\t\t\t\t<\/div>\n\t\t\t\t<\/div>\n\t\t\t\t<\/div>\n\t\t<div class=\"elementor-element elementor-element-d53cee3 e-con-full e-flex e-con e-child\" data-id=\"d53cee3\" data-element_type=\"container\" data-e-type=\"container\">\n\t\t\t\t<div class=\"elementor-element elementor-element-58a3dd5 elementor-view-default elementor-position-block-start elementor-mobile-position-block-start elementor-widget elementor-widget-icon-box\" data-id=\"58a3dd5\" data-element_type=\"widget\" data-e-type=\"widget\" data-widget_type=\"icon-box.default\">\n\t\t\t\t<div class=\"elementor-widget-container\">\n\t\t\t\t\t\t\t<div class=\"elementor-icon-box-wrapper\">\n\n\t\t\t\t\t\t<div class=\"elementor-icon-box-icon\">\n\t\t\t\t<span  class=\"elementor-icon\">\n\t\t\t\t<svg aria-hidden=\"true\" class=\"e-font-icon-svg e-fas-envelope\" viewBox=\"0 0 512 512\" xmlns=\"http:\/\/www.w3.org\/2000\/svg\"><path d=\"M502.3 190.8c3.9-3.1 9.7-.2 9.7 4.7V400c0 26.5-21.5 48-48 48H48c-26.5 0-48-21.5-48-48V195.6c0-5 5.7-7.8 9.7-4.7 22.4 17.4 52.1 39.5 154.1 113.6 21.1 15.4 56.7 47.8 92.2 47.6 35.7.3 72-32.8 92.3-47.6 102-74.1 131.6-96.3 154-113.7zM256 320c23.2.4 56.6-29.2 73.4-41.4 132.7-96.3 142.8-104.7 173.4-128.7 5.8-4.5 9.2-11.5 9.2-18.9v-19c0-26.5-21.5-48-48-48H48C21.5 64 0 85.5 0 112v19c0 7.4 3.4 14.3 9.2 18.9 30.6 23.9 40.7 32.4 173.4 128.7 16.8 12.2 50.2 41.8 73.4 41.4z\"><\/path><\/svg>\t\t\t\t<\/span>\n\t\t\t<\/div>\n\t\t\t\n\t\t\t\t\t\t<div class=\"elementor-icon-box-content\">\n\n\t\t\t\t\t\t\t\t\t<h6 class=\"elementor-icon-box-title\">\n\t\t\t\t\t\t<span  >\n\t\t\t\t\t\t\tE-mail\t\t\t\t\t\t<\/span>\n\t\t\t\t\t<\/h6>\n\t\t\t\t\n\t\t\t\t\n\t\t\t<\/div>\n\t\t\t\n\t\t<\/div>\n\t\t\t\t\t\t<\/div>\n\t\t\t\t<\/div>\n\t\t\t\t<div class=\"elementor-element elementor-element-dd5536a elementor-widget elementor-widget-heading\" data-id=\"dd5536a\" data-element_type=\"widget\" data-e-type=\"widget\" data-widget_type=\"heading.default\">\n\t\t\t\t<div class=\"elementor-widget-container\">\n\t\t\t\t\t<h5 class=\"elementor-heading-title elementor-size-default\"><a href=\"mailto:%20maarika@lihtsaltteenused.ee\">maarika@lihtsaltteenused.ee<\/a><\/h5>\t\t\t\t<\/div>\n\t\t\t\t<\/div>\n\t\t\t\t<\/div>\n\t\t<div class=\"elementor-element elementor-element-2d73a66 e-con-full e-flex e-con e-child\" data-id=\"2d73a66\" data-element_type=\"container\" data-e-type=\"container\">\n\t\t\t\t<div class=\"elementor-element elementor-element-f7a678f elementor-view-default elementor-position-block-start elementor-mobile-position-block-start elementor-widget elementor-widget-icon-box\" data-id=\"f7a678f\" data-element_type=\"widget\" data-e-type=\"widget\" data-widget_type=\"icon-box.default\">\n\t\t\t\t<div class=\"elementor-widget-container\">\n\t\t\t\t\t\t\t<div class=\"elementor-icon-box-wrapper\">\n\n\t\t\t\t\t\t<div class=\"elementor-icon-box-icon\">\n\t\t\t\t<span  class=\"elementor-icon\">\n\t\t\t\t<svg aria-hidden=\"true\" class=\"e-font-icon-svg e-fas-map-marker-alt\" viewBox=\"0 0 384 512\" xmlns=\"http:\/\/www.w3.org\/2000\/svg\"><path d=\"M172.268 501.67C26.97 291.031 0 269.413 0 192 0 85.961 85.961 0 192 0s192 85.961 192 192c0 77.413-26.97 99.031-172.268 309.67-9.535 13.774-29.93 13.773-39.464 0zM192 272c44.183 0 80-35.817 80-80s-35.817-80-80-80-80 35.817-80 80 35.817 80 80 80z\"><\/path><\/svg>\t\t\t\t<\/span>\n\t\t\t<\/div>\n\t\t\t\n\t\t\t\t\t\t<div class=\"elementor-icon-box-content\">\n\n\t\t\t\t\t\t\t\t\t<h6 class=\"elementor-icon-box-title\">\n\t\t\t\t\t\t<span  >\n\t\t\t\t\t\t\tTegevuskoha aadress\t\t\t\t\t\t<\/span>\n\t\t\t\t\t<\/h6>\n\t\t\t\t\n\t\t\t\t\n\t\t\t<\/div>\n\t\t\t\n\t\t<\/div>\n\t\t\t\t\t\t<\/div>\n\t\t\t\t<\/div>\n\t\t\t\t<div class=\"elementor-element elementor-element-b50934d elementor-widget elementor-widget-heading\" data-id=\"b50934d\" data-element_type=\"widget\" data-e-type=\"widget\" data-widget_type=\"heading.default\">\n\t\t\t\t<div class=\"elementor-widget-container\">\n\t\t\t\t\t<h5 class=\"elementor-heading-title elementor-size-default\"><a href=\"https:\/\/www.google.com\/maps\/place\/L%C3%B5%C3%B5tsa+t%C3%A4nav+5,+50109+Tartu\/@58.3434228,26.7241235,796m\/data=!3m2!1e3!4b1!4m6!3m5!1s0x46eb374b704b6d9d:0x6d6065e6960d012e!8m2!3d58.34342!4d26.7266984!16s%2Fg%2F11y7pp_fwj?entry=ttu&#038;g_ep=EgoyMDI2MDEyMC4wIKXMDSoKLDEwMDc5MjA3MUgBUAM%3D\" target=\"_blank\">L\u00f5\u00f5tsa 5, Tartu 50109, kabinet 400<\/a><\/h5>\t\t\t\t<\/div>\n\t\t\t\t<\/div>\n\t\t\t\t<\/div>\n\t\t<div class=\"elementor-element elementor-element-19a4225 e-con-full e-flex e-con e-child\" data-id=\"19a4225\" data-element_type=\"container\" data-e-type=\"container\">\n\t\t\t\t<div class=\"elementor-element elementor-element-275863b elementor-widget elementor-widget-image-box\" data-id=\"275863b\" data-element_type=\"widget\" data-e-type=\"widget\" data-widget_type=\"image-box.default\">\n\t\t\t\t<div class=\"elementor-widget-container\">\n\t\t\t\t\t<div class=\"elementor-image-box-wrapper\"><div class=\"elementor-image-box-content\"><h2 class=\"elementor-image-box-title\">Lihtsalt Teenused O\u00dc<\/h2><p class=\"elementor-image-box-description\">Registrikood: 14117875<br>\nJuriidiline aadress:  Vanemuise 21a ( II korrus ) Tartu 51003<\/p><\/div><\/div>\t\t\t\t<\/div>\n\t\t\t\t<\/div>\n\t\t\t\t<\/div>\n\t\t<div class=\"elementor-element elementor-element-92b5bf2 e-con-full e-flex e-con e-child\" data-id=\"92b5bf2\" data-element_type=\"container\" data-e-type=\"container\">\n\t\t\t\t<div class=\"elementor-element elementor-element-9e9e718 elementor-widget elementor-widget-wpforms\" data-id=\"9e9e718\" data-element_type=\"widget\" data-e-type=\"widget\" data-widget_type=\"wpforms.default\">\n\t\t\t\t<div class=\"elementor-widget-container\">\n\t\t\t\t\t<div class=\"wpforms-container wpforms-render-modern\" id=\"wpforms-1093\"><form id=\"wpforms-form-1093\" class=\"wpforms-validate wpforms-form wpforms-ajax-form\" data-formid=\"1093\" method=\"post\" enctype=\"multipart\/form-data\" action=\"\/et\/wp-json\/wp\/v2\/pages\/33\" data-token=\"df6cfc4c828ae2cbd8f882f6753dee77\" data-token-time=\"1778853696\"><noscript class=\"wpforms-error-noscript\">Please enable JavaScript in your browser to complete this form.<\/noscript><div id=\"wpforms-error-noscript\" style=\"display: none;\">Please enable JavaScript in your browser to complete this form.<\/div><div class=\"wpforms-field-container\"><div id=\"wpforms-1093-field_3-container\" class=\"wpforms-field wpforms-field-text\" data-field-id=\"3\"><label class=\"wpforms-field-label wpforms-label-hide\" for=\"wpforms-1093-field_3\" aria-hidden=\"false\">Nimi <span class=\"wpforms-required-label\" aria-hidden=\"true\">*<\/span><\/label><input type=\"text\" id=\"wpforms-1093-field_3\" class=\"wpforms-field-large wpforms-field-required\" name=\"wpforms[fields][3]\" placeholder=\"Nimi*\" aria-errormessage=\"wpforms-1093-field_3-error\" required><\/div><div id=\"wpforms-1093-field_1-container\" class=\"wpforms-field wpforms-field-email\" data-field-id=\"1\"><label class=\"wpforms-field-label wpforms-label-hide\" for=\"wpforms-1093-field_1\" aria-hidden=\"false\">E-mail <span class=\"wpforms-required-label\" aria-hidden=\"true\">*<\/span><\/label><input type=\"email\" id=\"wpforms-1093-field_1\" class=\"wpforms-field-large wpforms-field-required\" name=\"wpforms[fields][1]\" placeholder=\"E-mail*\" spellcheck=\"false\" aria-errormessage=\"wpforms-1093-field_1-error\" required><\/div><div id=\"wpforms-1093-field_4-container\" class=\"wpforms-field wpforms-field-text\" data-field-id=\"4\"><label class=\"wpforms-field-label wpforms-label-hide\" for=\"wpforms-1093-field_4\" aria-hidden=\"false\">Telefon <span class=\"wpforms-required-label\" aria-hidden=\"true\">*<\/span><\/label><input type=\"text\" id=\"wpforms-1093-field_4\" class=\"wpforms-field-large wpforms-field-required\" name=\"wpforms[fields][4]\" placeholder=\"Telefon*\" aria-errormessage=\"wpforms-1093-field_4-error\" required><\/div><div id=\"wpforms-1093-field_2-container\" class=\"wpforms-field wpforms-field-textarea\" data-field-id=\"2\"><label class=\"wpforms-field-label wpforms-label-hide\" for=\"wpforms-1093-field_2\" aria-hidden=\"false\">Kiri <span class=\"wpforms-required-label\" aria-hidden=\"true\">*<\/span><\/label><textarea id=\"wpforms-1093-field_2\" class=\"wpforms-field-large wpforms-field-required\" name=\"wpforms[fields][2]\" placeholder=\"Kiri*\" aria-errormessage=\"wpforms-1093-field_2-error\" required><\/textarea><\/div><\/div><!-- .wpforms-field-container --><div class=\"wpforms-recaptcha-container wpforms-is-recaptcha wpforms-is-recaptcha-type-v3\" ><input type=\"hidden\" name=\"wpforms[recaptcha]\" value=\"\"><\/div><div class=\"wpforms-submit-container\" ><input type=\"hidden\" name=\"wpforms[id]\" value=\"1093\"><input type=\"hidden\" name=\"page_title\" value=\"\"><input type=\"hidden\" name=\"page_url\" value=\"https:\/\/lihtsaltteenused.ee\/et\/wp-json\/wp\/v2\/pages\/33\"><input type=\"hidden\" name=\"url_referer\" value=\"\"><button type=\"submit\" name=\"wpforms[submit]\" id=\"wpforms-submit-1093\" class=\"wpforms-submit\" data-alt-text=\"Saadab...\" data-submit-text=\"Saada\" aria-live=\"assertive\" value=\"wpforms-submit\">Saada<\/button><img decoding=\"async\" src=\"https:\/\/lihtsaltteenused.ee\/wp-content\/plugins\/wpforms-lite\/assets\/images\/submit-spin.svg\" class=\"wpforms-submit-spinner\" style=\"display: none;\" width=\"26\" height=\"26\" alt=\"Loading\"><\/div><\/form><\/div>  <!-- .wpforms-container -->\t\t\t\t<\/div>\n\t\t\t\t<\/div>\n\t\t\t\t<\/div>\n\t\t\t\t\t<\/div>\n\t\t\t\t<\/div>\n\t\t<div class=\"elementor-element elementor-element-650a6ac e-con-full e-flex e-con e-parent\" data-id=\"650a6ac\" data-element_type=\"container\" data-e-type=\"container\">\n\t\t\t\t<div class=\"elementor-element elementor-element-44a5584 elementor-widget elementor-widget-google_maps\" data-id=\"44a5584\" data-element_type=\"widget\" data-e-type=\"widget\" data-widget_type=\"google_maps.default\">\n\t\t\t\t<div class=\"elementor-widget-container\">\n\t\t\t\t\t\t\t<div class=\"elementor-custom-embed\">\n\t\t\t<iframe loading=\"lazy\"\n\t\t\t\t\tsrc=\"https:\/\/maps.google.com\/maps?q=L%C3%B5%C3%B5tsa%20t%C3%A4nav%205%2C%20Tartu&#038;t=m&#038;z=15&#038;output=embed&#038;iwloc=near\"\n\t\t\t\t\ttitle=\"L\u00f5\u00f5tsa t\u00e4nav 5, Tartu\"\n\t\t\t\t\taria-label=\"L\u00f5\u00f5tsa t\u00e4nav 5, Tartu\"\n\t\t\t><\/iframe>\n\t\t<\/div>\n\t\t\t\t\t\t<\/div>\n\t\t\t\t<\/div>\n\t\t\t\t<\/div>\n\t\t\t\t<\/div>\n\t\t","protected":false},"excerpt":{"rendered":"<p>Kontakt Telefon +372 51 78 076 E-mail maarika@lihtsaltteenused.ee Tegevuskoha aadress L\u00f5\u00f5tsa 5, Tartu 50109, kabinet 400 Lihtsalt Teenused O\u00dc Registrikood: [&hellip;]<\/p>\n","protected":false},"author":1,"featured_media":1243,"parent":0,"menu_order":5,"comment_status":"closed","ping_status":"closed","template":"","meta":{"site-sidebar-layout":"no-sidebar","site-content-layout":"","ast-site-content-layout":"full-width-container","site-content-style":"default","site-sidebar-style":"default","ast-global-header-display":"","ast-banner-title-visibility":"","ast-main-header-display":"","ast-hfb-above-header-display":"","ast-hfb-below-header-display":"","ast-hfb-mobile-header-display":"","site-post-title":"disabled","ast-breadcrumbs-content":"","ast-featured-img":"disabled","footer-sml-layout":"","ast-disable-related-posts":"","theme-transparent-header-meta":"disabled","adv-header-id-meta":"","stick-header-meta":"","header-above-stick-meta":"","header-main-stick-meta":"","header-below-stick-meta":"","astra-migrate-meta-layouts":"default","ast-page-background-enabled":"default","ast-page-background-meta":{"desktop":{"background-color":"var(--ast-global-color-4)","background-image":"","background-repeat":"repeat","background-position":"center center","background-size":"auto","background-attachment":"scroll","background-type":"","background-media":"","overlay-type":"","overlay-color":"","overlay-opacity":"","overlay-gradient":""},"tablet":{"background-color":"","background-image":"","background-repeat":"repeat","background-position":"center center","background-size":"auto","background-attachment":"scroll","background-type":"","background-media":"","overlay-type":"","overlay-color":"","overlay-opacity":"","overlay-gradient":""},"mobile":{"background-color":"","background-image":"","background-repeat":"repeat","background-position":"center center","background-size":"auto","background-attachment":"scroll","background-type":"","background-media":"","overlay-type":"","overlay-color":"","overlay-opacity":"","overlay-gradient":""}},"ast-content-background-meta":{"desktop":{"background-color":"var(--ast-global-color-5)","background-image":"","background-repeat":"repeat","background-position":"center center","background-size":"auto","background-attachment":"scroll","background-type":"","background-media":"","overlay-type":"","overlay-color":"","overlay-opacity":"","overlay-gradient":""},"tablet":{"background-color":"var(--ast-global-color-5)","background-image":"","background-repeat":"repeat","background-position":"center center","background-size":"auto","background-attachment":"scroll","background-type":"","background-media":"","overlay-type":"","overlay-color":"","overlay-opacity":"","overlay-gradient":""},"mobile":{"background-color":"var(--ast-global-color-5)","background-image":"","background-repeat":"repeat","background-position":"center center","background-size":"auto","background-attachment":"scroll","background-type":"","background-media":"","overlay-type":"","overlay-color":"","overlay-opacity":"","overlay-gradient":""}},"footnotes":""},"class_list":["post-33","page","type-page","status-publish","has-post-thumbnail","hentry"],"yoast_head":"<!-- This site is optimized with the Yoast SEO plugin v27.6 - https:\/\/yoast.com\/product\/yoast-seo-wordpress\/ -->\n<title>Kontakt - Lihtsalt Teenused - Tartu<\/title>\n<meta name=\"description\" content=\"Lihtsalt Teenused O\u00dc | Registrikood: 14117875Juriidiline aadress: Vanemuise 21a (II korrus) Tartu 51003, E-mail: maarika@lihtsaltteenused.ee\" \/>\n<meta name=\"robots\" content=\"index, follow, max-snippet:-1, max-image-preview:large, max-video-preview:-1\" \/>\n<link rel=\"canonical\" href=\"https:\/\/lihtsaltteenused.ee\/et\/kontakt\/\" \/>\n<meta property=\"og:locale\" content=\"et_EE\" \/>\n<meta property=\"og:type\" content=\"article\" \/>\n<meta property=\"og:title\" content=\"Kontakt - Lihtsalt Teenused - Tartu\" \/>\n<meta property=\"og:description\" content=\"Lihtsalt Teenused O\u00dc | Registrikood: 14117875Juriidiline aadress: Vanemuise 21a (II korrus) Tartu 51003, E-mail: maarika@lihtsaltteenused.ee\" \/>\n<meta property=\"og:url\" content=\"https:\/\/lihtsaltteenused.ee\/et\/kontakt\/\" \/>\n<meta property=\"og:site_name\" content=\"Lihtsalt Teenused - Tartu\" \/>\n<meta property=\"article:modified_time\" content=\"2026-01-22T14:19:02+00:00\" \/>\n<meta property=\"og:image\" content=\"https:\/\/lihtsaltteenused.ee\/wp-content\/uploads\/2024\/11\/Foto-0026.jpg\" \/>\n\t<meta property=\"og:image:width\" content=\"1920\" \/>\n\t<meta property=\"og:image:height\" content=\"1280\" \/>\n\t<meta property=\"og:image:type\" content=\"image\/jpeg\" \/>\n<meta name=\"twitter:card\" content=\"summary_large_image\" \/>\n<meta name=\"twitter:label1\" content=\"Est. reading time\" \/>\n\t<meta name=\"twitter:data1\" content=\"1 minut\" \/>\n<script type=\"application\/ld+json\" class=\"yoast-schema-graph\">{\"@context\":\"https:\\\/\\\/schema.org\",\"@graph\":[{\"@type\":\"WebPage\",\"@id\":\"https:\\\/\\\/lihtsaltteenused.ee\\\/kontakt\\\/\",\"url\":\"https:\\\/\\\/lihtsaltteenused.ee\\\/kontakt\\\/\",\"name\":\"Kontakt - Lihtsalt Teenused - Tartu\",\"isPartOf\":{\"@id\":\"https:\\\/\\\/lihtsaltteenused.ee\\\/#website\"},\"primaryImageOfPage\":{\"@id\":\"https:\\\/\\\/lihtsaltteenused.ee\\\/kontakt\\\/#primaryimage\"},\"image\":{\"@id\":\"https:\\\/\\\/lihtsaltteenused.ee\\\/kontakt\\\/#primaryimage\"},\"thumbnailUrl\":\"https:\\\/\\\/lihtsaltteenused.ee\\\/wp-content\\\/uploads\\\/2024\\\/11\\\/Foto-0026.jpg\",\"datePublished\":\"2024-11-21T11:20:11+00:00\",\"dateModified\":\"2026-01-22T14:19:02+00:00\",\"description\":\"Lihtsalt Teenused O\u00dc | Registrikood: 14117875Juriidiline aadress: Vanemuise 21a (II korrus) Tartu 51003, E-mail: maarika@lihtsaltteenused.ee\",\"breadcrumb\":{\"@id\":\"https:\\\/\\\/lihtsaltteenused.ee\\\/kontakt\\\/#breadcrumb\"},\"inLanguage\":\"et\",\"potentialAction\":[{\"@type\":\"ReadAction\",\"target\":[\"https:\\\/\\\/lihtsaltteenused.ee\\\/kontakt\\\/\"]}]},{\"@type\":\"ImageObject\",\"inLanguage\":\"et\",\"@id\":\"https:\\\/\\\/lihtsaltteenused.ee\\\/kontakt\\\/#primaryimage\",\"url\":\"https:\\\/\\\/lihtsaltteenused.ee\\\/wp-content\\\/uploads\\\/2024\\\/11\\\/Foto-0026.jpg\",\"contentUrl\":\"https:\\\/\\\/lihtsaltteenused.ee\\\/wp-content\\\/uploads\\\/2024\\\/11\\\/Foto-0026.jpg\",\"width\":1920,\"height\":1280,\"caption\":\"Lihtsalt Teenused\"},{\"@type\":\"BreadcrumbList\",\"@id\":\"https:\\\/\\\/lihtsaltteenused.ee\\\/kontakt\\\/#breadcrumb\",\"itemListElement\":[{\"@type\":\"ListItem\",\"position\":1,\"name\":\"Home\",\"item\":\"https:\\\/\\\/lihtsaltteenused.ee\\\/\"},{\"@type\":\"ListItem\",\"position\":2,\"name\":\"Kontakt\"}]},{\"@type\":\"WebSite\",\"@id\":\"https:\\\/\\\/lihtsaltteenused.ee\\\/#website\",\"url\":\"https:\\\/\\\/lihtsaltteenused.ee\\\/\",\"name\":\"Lihtsalt Teenused: Audiitor | Tartu\",\"description\":\"Audiitorteenused &middot; Raamatupidamisteenused &middot; Andmekaitsespetsialisti teenus\",\"publisher\":{\"@id\":\"https:\\\/\\\/lihtsaltteenused.ee\\\/#organization\"},\"potentialAction\":[{\"@type\":\"SearchAction\",\"target\":{\"@type\":\"EntryPoint\",\"urlTemplate\":\"https:\\\/\\\/lihtsaltteenused.ee\\\/?s={search_term_string}\"},\"query-input\":{\"@type\":\"PropertyValueSpecification\",\"valueRequired\":true,\"valueName\":\"search_term_string\"}}],\"inLanguage\":\"et\"},{\"@type\":\"Organization\",\"@id\":\"https:\\\/\\\/lihtsaltteenused.ee\\\/#organization\",\"name\":\"Lihtsalt Teenused: Audiitor | Tartu\",\"url\":\"https:\\\/\\\/lihtsaltteenused.ee\\\/\",\"logo\":{\"@type\":\"ImageObject\",\"inLanguage\":\"et\",\"@id\":\"https:\\\/\\\/lihtsaltteenused.ee\\\/#\\\/schema\\\/logo\\\/image\\\/\",\"url\":\"https:\\\/\\\/lihtsaltteenused.ee\\\/wp-content\\\/uploads\\\/2024\\\/11\\\/cropped-Lihtsalt_Teenused_logo_more_sinisel.png\",\"contentUrl\":\"https:\\\/\\\/lihtsaltteenused.ee\\\/wp-content\\\/uploads\\\/2024\\\/11\\\/cropped-Lihtsalt_Teenused_logo_more_sinisel.png\",\"width\":846,\"height\":282,\"caption\":\"Lihtsalt Teenused: Audiitor | Tartu\"},\"image\":{\"@id\":\"https:\\\/\\\/lihtsaltteenused.ee\\\/#\\\/schema\\\/logo\\\/image\\\/\"}}]}<\/script>\n<!-- \/ Yoast SEO plugin. -->","yoast_head_json":{"title":"Kontakt - Lihtsalt Teenused - Tartu","description":"Lihtsalt Teenused O\u00dc | Registrikood: 14117875Juriidiline aadress: Vanemuise 21a (II korrus) Tartu 51003, E-mail: maarika@lihtsaltteenused.ee","robots":{"index":"index","follow":"follow","max-snippet":"max-snippet:-1","max-image-preview":"max-image-preview:large","max-video-preview":"max-video-preview:-1"},"canonical":"https:\/\/lihtsaltteenused.ee\/et\/kontakt\/","og_locale":"et_EE","og_type":"article","og_title":"Kontakt - Lihtsalt Teenused - Tartu","og_description":"Lihtsalt Teenused O\u00dc | Registrikood: 14117875Juriidiline aadress: Vanemuise 21a (II korrus) Tartu 51003, E-mail: maarika@lihtsaltteenused.ee","og_url":"https:\/\/lihtsaltteenused.ee\/et\/kontakt\/","og_site_name":"Lihtsalt Teenused - Tartu","article_modified_time":"2026-01-22T14:19:02+00:00","og_image":[{"width":1920,"height":1280,"url":"https:\/\/lihtsaltteenused.ee\/wp-content\/uploads\/2024\/11\/Foto-0026.jpg","type":"image\/jpeg"}],"twitter_card":"summary_large_image","twitter_misc":{"Est. reading time":"1 minut"},"schema":{"@context":"https:\/\/schema.org","@graph":[{"@type":"WebPage","@id":"https:\/\/lihtsaltteenused.ee\/kontakt\/","url":"https:\/\/lihtsaltteenused.ee\/kontakt\/","name":"Kontakt - Lihtsalt Teenused - Tartu","isPartOf":{"@id":"https:\/\/lihtsaltteenused.ee\/#website"},"primaryImageOfPage":{"@id":"https:\/\/lihtsaltteenused.ee\/kontakt\/#primaryimage"},"image":{"@id":"https:\/\/lihtsaltteenused.ee\/kontakt\/#primaryimage"},"thumbnailUrl":"https:\/\/lihtsaltteenused.ee\/wp-content\/uploads\/2024\/11\/Foto-0026.jpg","datePublished":"2024-11-21T11:20:11+00:00","dateModified":"2026-01-22T14:19:02+00:00","description":"Lihtsalt Teenused O\u00dc | Registrikood: 14117875Juriidiline aadress: Vanemuise 21a (II korrus) Tartu 51003, E-mail: maarika@lihtsaltteenused.ee","breadcrumb":{"@id":"https:\/\/lihtsaltteenused.ee\/kontakt\/#breadcrumb"},"inLanguage":"et","potentialAction":[{"@type":"ReadAction","target":["https:\/\/lihtsaltteenused.ee\/kontakt\/"]}]},{"@type":"ImageObject","inLanguage":"et","@id":"https:\/\/lihtsaltteenused.ee\/kontakt\/#primaryimage","url":"https:\/\/lihtsaltteenused.ee\/wp-content\/uploads\/2024\/11\/Foto-0026.jpg","contentUrl":"https:\/\/lihtsaltteenused.ee\/wp-content\/uploads\/2024\/11\/Foto-0026.jpg","width":1920,"height":1280,"caption":"Lihtsalt Teenused"},{"@type":"BreadcrumbList","@id":"https:\/\/lihtsaltteenused.ee\/kontakt\/#breadcrumb","itemListElement":[{"@type":"ListItem","position":1,"name":"Home","item":"https:\/\/lihtsaltteenused.ee\/"},{"@type":"ListItem","position":2,"name":"Kontakt"}]},{"@type":"WebSite","@id":"https:\/\/lihtsaltteenused.ee\/#website","url":"https:\/\/lihtsaltteenused.ee\/","name":"Lihtsalt Teenused: Audiitor | Tartu","description":"Audiitorteenused &middot; Raamatupidamisteenused &middot; Andmekaitsespetsialisti teenus","publisher":{"@id":"https:\/\/lihtsaltteenused.ee\/#organization"},"potentialAction":[{"@type":"SearchAction","target":{"@type":"EntryPoint","urlTemplate":"https:\/\/lihtsaltteenused.ee\/?s={search_term_string}"},"query-input":{"@type":"PropertyValueSpecification","valueRequired":true,"valueName":"search_term_string"}}],"inLanguage":"et"},{"@type":"Organization","@id":"https:\/\/lihtsaltteenused.ee\/#organization","name":"Lihtsalt Teenused: Audiitor | Tartu","url":"https:\/\/lihtsaltteenused.ee\/","logo":{"@type":"ImageObject","inLanguage":"et","@id":"https:\/\/lihtsaltteenused.ee\/#\/schema\/logo\/image\/","url":"https:\/\/lihtsaltteenused.ee\/wp-content\/uploads\/2024\/11\/cropped-Lihtsalt_Teenused_logo_more_sinisel.png","contentUrl":"https:\/\/lihtsaltteenused.ee\/wp-content\/uploads\/2024\/11\/cropped-Lihtsalt_Teenused_logo_more_sinisel.png","width":846,"height":282,"caption":"Lihtsalt Teenused: Audiitor | Tartu"},"image":{"@id":"https:\/\/lihtsaltteenused.ee\/#\/schema\/logo\/image\/"}}]}},"_links":{"self":[{"href":"https:\/\/lihtsaltteenused.ee\/et\/wp-json\/wp\/v2\/pages\/33","targetHints":{"allow":["GET"]}}],"collection":[{"href":"https:\/\/lihtsaltteenused.ee\/et\/wp-json\/wp\/v2\/pages"}],"about":[{"href":"https:\/\/lihtsaltteenused.ee\/et\/wp-json\/wp\/v2\/types\/page"}],"author":[{"embeddable":true,"href":"https:\/\/lihtsaltteenused.ee\/et\/wp-json\/wp\/v2\/users\/1"}],"replies":[{"embeddable":true,"href":"https:\/\/lihtsaltteenused.ee\/et\/wp-json\/wp\/v2\/comments?post=33"}],"version-history":[{"count":3,"href":"https:\/\/lihtsaltteenused.ee\/et\/wp-json\/wp\/v2\/pages\/33\/revisions"}],"predecessor-version":[{"id":3707,"href":"https:\/\/lihtsaltteenused.ee\/et\/wp-json\/wp\/v2\/pages\/33\/revisions\/3707"}],"wp:featuredmedia":[{"embeddable":true,"href":"https:\/\/lihtsaltteenused.ee\/et\/wp-json\/wp\/v2\/media\/1243"}],"wp:attachment":[{"href":"https:\/\/lihtsaltteenused.ee\/et\/wp-json\/wp\/v2\/media?parent=33"}],"curies":[{"name":"wp","href":"https:\/\/api.w.org\/{rel}","templated":true}]}}